{"id":29,"date":"2026-03-02T11:08:24","date_gmt":"2026-03-02T10:08:24","guid":{"rendered":"https:\/\/rental.rega-tv.com\/?page_id=29"},"modified":"2026-03-02T11:08:24","modified_gmt":"2026-03-02T10:08:24","slug":"wie-sie-uns-finden","status":"publish","type":"page","link":"https:\/\/rental.rega-tv.com\/index.php\/wie-sie-uns-finden\/","title":{"rendered":"Wie Sie uns finden"},"content":{"rendered":"<section class=\"content\"><iframe loading=\"lazy\" src=\"https:\/\/www.google.com\/maps\/embed?pb=!1m18!1m12!1m3!1d1916.1046193889608!2d7.1903956296835645!3d46.84471768589971!2m3!1f0!2f0!3f0!3m2!1i1024!2i768!4f13.1!3m3!1m2!1s0x478e6bc5a774c1e7%3A0xb539d87efb53343d!2sDuensstrasse+3%2C+3186+D%C3%BCdingen!5e1!3m2!1sde!2sch!4v1507816440068\" width=\"600\" height=\"450\" frameborder=\"0\" allowfullscreen=\"allowfullscreen\" data-mce-fragment=\"1\"><\/iframe><\/p>\n<hr \/>\n<p><strong>Adresse:<\/strong><br \/>\nLehmann rental<br \/>\nLehmann Radio &amp; TV AG<br \/>\nDuensstrasse 3<br \/>\n3186 D\u00fcdingen<\/p>\n<p>Tel. 026 493 15 33<br \/>\nFax 026 492 05 32<\/p>\n<p><a href=\"mailto:info@lehmannvision.ch\" target=\"_blank\" rel=\"noopener\">info@lehmannvision.ch<\/a><\/p>\n<hr \/>\n<p><strong>\u00d6ffnungszeiten:<\/strong><br \/>\nF\u00fcr die Abholung\/R\u00fcckgabe des Mietmaterial gelten unsere \u00d6ffnungszeiten:<\/p>\n<p>Montag &#8211; Freitag<br \/>\n08.00 &#8211; 12.00 Uhr \/ 13.15 &#8211; 18.00 Uhr<\/p>\n<p>Samstag:<br \/>\n08.00 &#8211; 12.00 Uhr \/ 13.15 &#8211; 16.00 Uhr<\/p>\n<\/section>\n","protected":false},"excerpt":{"rendered":"<p>Adresse: Lehmann rental Lehmann Radio &amp; TV AG Duensstrasse 3 3186 D\u00fcdingen Tel. 026 493 15 33 Fax 026 492 05 32 info@lehmannvision.ch \u00d6ffnungszeiten: F\u00fcr die Abholung\/R\u00fcckgabe des Mietmaterial gelten unsere \u00d6ffnungszeiten: Montag &#8211; Freitag 08.00 &#8211; 12.00 Uhr \/ 13.15 &#8211; 18.00 Uhr Samstag: 08.00 &#8211; 12.00 Uhr \/ 13.15 &#8211; 16.00 Uhr<\/p>\n","protected":false},"author":1,"featured_media":0,"parent":0,"menu_order":0,"comment_status":"closed","ping_status":"closed","template":"","meta":{"footnotes":""},"class_list":["post-29","page","type-page","status-publish","hentry"],"_links":{"self":[{"href":"https:\/\/rental.rega-tv.com\/index.php\/wp-json\/wp\/v2\/pages\/29","targetHints":{"allow":["GET"]}}],"collection":[{"href":"https:\/\/rental.rega-tv.com\/index.php\/wp-json\/wp\/v2\/pages"}],"about":[{"href":"https:\/\/rental.rega-tv.com\/index.php\/wp-json\/wp\/v2\/types\/page"}],"author":[{"embeddable":true,"href":"https:\/\/rental.rega-tv.com\/index.php\/wp-json\/wp\/v2\/users\/1"}],"replies":[{"embeddable":true,"href":"https:\/\/rental.rega-tv.com\/index.php\/wp-json\/wp\/v2\/comments?post=29"}],"version-history":[{"count":1,"href":"https:\/\/rental.rega-tv.com\/index.php\/wp-json\/wp\/v2\/pages\/29\/revisions"}],"predecessor-version":[{"id":30,"href":"https:\/\/rental.rega-tv.com\/index.php\/wp-json\/wp\/v2\/pages\/29\/revisions\/30"}],"wp:attachment":[{"href":"https:\/\/rental.rega-tv.com\/index.php\/wp-json\/wp\/v2\/media?parent=29"}],"curies":[{"name":"wp","href":"https:\/\/api.w.org\/{rel}","templated":true}]}}